{"id":2,"date":"2024-10-22T10:56:19","date_gmt":"2024-10-22T08:56:19","guid":{"rendered":"http:\/\/intuitionnathuraile.fr\/?page_id=2"},"modified":"2024-10-22T18:38:34","modified_gmt":"2024-10-22T16:38:34","slug":"page-d-exemple","status":"publish","type":"page","link":"http:\/\/intuitionnathuraile.fr\/","title":{"rendered":"Accueil"},"content":{"rendered":"<div class=\"wp-block-image is-style-default\">\n<figure class=\"aligncenter size-large is-resized\"><img loading=\"lazy\" decoding=\"async\" width=\"1024\" height=\"394\" src=\"http:\/\/intuitionnathuraile.fr\/wp-content\/uploads\/2024\/10\/Banniere2-1024x394.png\" alt=\"\" class=\"wp-image-74\" style=\"width:1052px;height:auto\" srcset=\"http:\/\/intuitionnathuraile.fr\/wp-content\/uploads\/2024\/10\/Banniere2-1024x394.png 1024w, http:\/\/intuitionnathuraile.fr\/wp-content\/uploads\/2024\/10\/Banniere2-300x115.png 300w, http:\/\/intuitionnathuraile.fr\/wp-content\/uploads\/2024\/10\/Banniere2-768x295.png 768w, http:\/\/intuitionnathuraile.fr\/wp-content\/uploads\/2024\/10\/Banniere2.png 1300w\" sizes=\"auto, (max-width: 1024px) 100vw, 1024px\" \/><\/figure>\n<\/div>\n\n\n<div class=\"wp-block-columns is-style-default has-black-color has-text-color has-link-color has-huge-font-size wp-elements-846fc05931992d4b3ee881d9055d8577 is-layout-flex wp-container-core-columns-is-layout-e855cbfe wp-block-columns-is-layout-flex\" style=\"padding-top:var(--wp--preset--spacing--30);padding-bottom:var(--wp--preset--spacing--30)\">\n<div class=\"wp-block-column is-layout-flow wp-block-column-is-layout-flow\" style=\"flex-basis:100%\">\n<hr class=\"wp-block-separator has-alpha-channel-opacity\"\/>\n<\/div>\n<\/div>\n\n\n\n<p class=\"has-text-align-center has-large-font-size\"><strong>Mon site internet est en cours de cr\u00e9ation <\/strong><\/p>\n\n\n\n<p class=\"has-text-align-center has-large-font-size\"><strong>Il sera bient\u00f4t disponible<\/strong><\/p>\n\n\n<div class=\"wp-block-image\">\n<figure class=\"aligncenter size-full is-resized\"><img loading=\"lazy\" decoding=\"async\" width=\"960\" height=\"960\" src=\"http:\/\/intuitionnathuraile.fr\/wp-content\/uploads\/2024\/10\/Logo.png\" alt=\"Intuition Nathur'Aile\" class=\"wp-image-17\" style=\"width:318px;height:auto\" srcset=\"http:\/\/intuitionnathuraile.fr\/wp-content\/uploads\/2024\/10\/Logo.png 960w, http:\/\/intuitionnathuraile.fr\/wp-content\/uploads\/2024\/10\/Logo-300x300.png 300w, http:\/\/intuitionnathuraile.fr\/wp-content\/uploads\/2024\/10\/Logo-150x150.png 150w, http:\/\/intuitionnathuraile.fr\/wp-content\/uploads\/2024\/10\/Logo-768x768.png 768w\" sizes=\"auto, (max-width: 960px) 100vw, 960px\" \/><\/figure>\n<\/div>\n\n\n<div class=\"wp-block-group\"><div class=\"wp-block-group__inner-container is-layout-constrained wp-block-group-is-layout-constrained\">\n<div class=\"wp-block-columns is-layout-flex wp-container-core-columns-is-layout-9d6595d7 wp-block-columns-is-layout-flex\">\n<div class=\"wp-block-column is-layout-flow wp-block-column-is-layout-flow\" style=\"flex-basis:100%\">\n<div class=\"wp-block-group alignfull\"><div class=\"wp-block-group__inner-container is-layout-constrained wp-block-group-is-layout-constrained\">\n<div class=\"wp-block-columns is-layout-flex wp-container-core-columns-is-layout-9d6595d7 wp-block-columns-is-layout-flex\">\n<div class=\"wp-block-column is-layout-flow wp-block-column-is-layout-flow\" style=\"flex-basis:100%\">\n<p class=\"has-text-align-center has-black-color has-text-color has-link-color has-small-font-size wp-elements-e5b9fd6d10ce4e1bce2bb8b0b566f304\" style=\"padding-top:0;padding-right:0;padding-bottom:0;padding-left:0\">Je vous propose des soins \u00e9nerg\u00e9tiques qui seront adapt\u00e9s \u00e0 vos besoins.<\/p>\n\n\n\n<p class=\"has-text-align-center has-black-color has-text-color has-link-color has-small-font-size wp-elements-674726676ddc4ff94bc7fbd9169170a0\" style=\"padding-top:0;padding-right:0;padding-bottom:0;padding-left:0\"> Je suis magn\u00e9tiseuse , praticienne Reiki, Lahochi, mon approche holistique et naturelle vous apportera l\u2019harmonie entre votre corps et votre esprit.<\/p>\n<\/div>\n<\/div>\n\n\n\n<p class=\"has-text-align-center has-small-font-size\">Le soin \u00e9nerg\u00e9tique permet de d\u00e9nouer les n\u0153uds, les blocages et le stress autant mental que physique.<\/p>\n\n\n\n<p class=\"has-text-align-center has-small-font-size\">En compl\u00e9ment, je suis naturopathe et par ce biais, je peux vous apporter un soutien simple et naturelle pour conserver et\/ou am\u00e9liorer votre sant\u00e9.<\/p>\n\n\n\n<p class=\"has-text-align-center has-small-font-size\">J\u2019interviens en pr\u00e9sentiel \u00e0 Montb\u00e9liard, Morteau, en visioconf\u00e9rence et j\u2019agis \u00e9galement \u00e0 distance si besoin.<\/p>\n<\/div><\/div>\n<\/div>\n<\/div>\n<\/div><\/div>\n\n\n\n<p class=\"has-text-align-right\"><em>Nathalie Girardclos<\/em><\/p>\n\n\n\n<p><\/p>\n","protected":false},"excerpt":{"rendered":"<p>Mon site internet est en cours de cr\u00e9ation Il sera bient\u00f4t disponible Je vous propose des soins \u00e9nerg\u00e9tiques qui seront adapt\u00e9s \u00e0 vos besoins. Je suis magn\u00e9tiseuse , praticienne Reiki, Lahochi, mon approche holistique et naturelle vous apportera l\u2019harmonie entre votre corps et votre esprit. Le soin \u00e9nerg\u00e9tique permet de d\u00e9nouer les n\u0153uds, les blocages&hellip; <a class=\"more-link\" href=\"http:\/\/intuitionnathuraile.fr\/\">Continue reading <span class=\"screen-reader-text\">Accueil<\/span><\/a><\/p>\n","protected":false},"author":1,"featured_media":0,"parent":0,"menu_order":0,"comment_status":"closed","ping_status":"open","template":"","meta":{"footnotes":""},"class_list":["post-2","page","type-page","status-publish","hentry","entry"],"yoast_head":"<!-- This site is optimized with the Yoast SEO plugin v27.4 - https:\/\/yoast.com\/product\/yoast-seo-wordpress\/ -->\n<title>Accueil - Intuition Nathur\u2019aile<\/title>\n<meta name=\"robots\" content=\"index, follow, max-snippet:-1, max-image-preview:large, max-video-preview:-1\" \/>\n<link rel=\"canonical\" href=\"http:\/\/intuitionnathuraile.fr\/\" \/>\n<meta property=\"og:locale\" content=\"en_US\" \/>\n<meta property=\"og:type\" content=\"article\" \/>\n<meta property=\"og:title\" content=\"Accueil - Intuition Nathur\u2019aile\" \/>\n<meta property=\"og:description\" content=\"Mon site internet est en cours de cr\u00e9ation Il sera bient\u00f4t disponible Je vous propose des soins \u00e9nerg\u00e9tiques qui seront adapt\u00e9s \u00e0 vos besoins. Je suis magn\u00e9tiseuse , praticienne Reiki, Lahochi, mon approche holistique et naturelle vous apportera l\u2019harmonie entre votre corps et votre esprit. Le soin \u00e9nerg\u00e9tique permet de d\u00e9nouer les n\u0153uds, les blocages&hellip; Continue reading Accueil\" \/>\n<meta property=\"og:url\" content=\"http:\/\/intuitionnathuraile.fr\/\" \/>\n<meta property=\"og:site_name\" content=\"Intuition Nathur\u2019aile\" \/>\n<meta property=\"article:modified_time\" content=\"2024-10-22T16:38:34+00:00\" \/>\n<meta property=\"og:image\" content=\"http:\/\/intuitionnathuraile.fr\/wp-content\/uploads\/2024\/10\/Banniere2-1024x394.png\" \/>\n<meta name=\"twitter:card\" content=\"summary_large_image\" \/>\n<meta name=\"twitter:label1\" content=\"Est. reading time\" \/>\n\t<meta name=\"twitter:data1\" content=\"1 minute\" \/>\n<script type=\"application\/ld+json\" class=\"yoast-schema-graph\">{\"@context\":\"https:\\\/\\\/schema.org\",\"@graph\":[{\"@type\":\"WebPage\",\"@id\":\"http:\\\/\\\/intuitionnathuraile.fr\\\/\",\"url\":\"http:\\\/\\\/intuitionnathuraile.fr\\\/\",\"name\":\"Accueil - Intuition Nathur\u2019aile\",\"isPartOf\":{\"@id\":\"http:\\\/\\\/intuitionnathuraile.fr\\\/#website\"},\"primaryImageOfPage\":{\"@id\":\"http:\\\/\\\/intuitionnathuraile.fr\\\/#primaryimage\"},\"image\":{\"@id\":\"http:\\\/\\\/intuitionnathuraile.fr\\\/#primaryimage\"},\"thumbnailUrl\":\"http:\\\/\\\/intuitionnathuraile.fr\\\/wp-content\\\/uploads\\\/2024\\\/10\\\/Banniere2-1024x394.png\",\"datePublished\":\"2024-10-22T08:56:19+00:00\",\"dateModified\":\"2024-10-22T16:38:34+00:00\",\"breadcrumb\":{\"@id\":\"http:\\\/\\\/intuitionnathuraile.fr\\\/#breadcrumb\"},\"inLanguage\":\"en-US\",\"potentialAction\":[{\"@type\":\"ReadAction\",\"target\":[\"http:\\\/\\\/intuitionnathuraile.fr\\\/\"]}]},{\"@type\":\"ImageObject\",\"inLanguage\":\"en-US\",\"@id\":\"http:\\\/\\\/intuitionnathuraile.fr\\\/#primaryimage\",\"url\":\"http:\\\/\\\/intuitionnathuraile.fr\\\/wp-content\\\/uploads\\\/2024\\\/10\\\/Banniere2.png\",\"contentUrl\":\"http:\\\/\\\/intuitionnathuraile.fr\\\/wp-content\\\/uploads\\\/2024\\\/10\\\/Banniere2.png\",\"width\":1300,\"height\":500},{\"@type\":\"BreadcrumbList\",\"@id\":\"http:\\\/\\\/intuitionnathuraile.fr\\\/#breadcrumb\",\"itemListElement\":[{\"@type\":\"ListItem\",\"position\":1,\"name\":\"Accueil\",\"item\":\"http:\\\/\\\/intuitionnathuraile.fr\\\/\"},{\"@type\":\"ListItem\",\"position\":2,\"name\":\"Accueil\"}]},{\"@type\":\"WebSite\",\"@id\":\"http:\\\/\\\/intuitionnathuraile.fr\\\/#website\",\"url\":\"http:\\\/\\\/intuitionnathuraile.fr\\\/\",\"name\":\"Intuition Nathur\u2019aile\",\"description\":\"Nathalie Girardclos\",\"potentialAction\":[{\"@type\":\"SearchAction\",\"target\":{\"@type\":\"EntryPoint\",\"urlTemplate\":\"http:\\\/\\\/intuitionnathuraile.fr\\\/?s={search_term_string}\"},\"query-input\":{\"@type\":\"PropertyValueSpecification\",\"valueRequired\":true,\"valueName\":\"search_term_string\"}}],\"inLanguage\":\"en-US\"}]}<\/script>\n<!-- \/ Yoast SEO plugin. -->","yoast_head_json":{"title":"Accueil - Intuition Nathur\u2019aile","robots":{"index":"index","follow":"follow","max-snippet":"max-snippet:-1","max-image-preview":"max-image-preview:large","max-video-preview":"max-video-preview:-1"},"canonical":"http:\/\/intuitionnathuraile.fr\/","og_locale":"en_US","og_type":"article","og_title":"Accueil - Intuition Nathur\u2019aile","og_description":"Mon site internet est en cours de cr\u00e9ation Il sera bient\u00f4t disponible Je vous propose des soins \u00e9nerg\u00e9tiques qui seront adapt\u00e9s \u00e0 vos besoins. Je suis magn\u00e9tiseuse , praticienne Reiki, Lahochi, mon approche holistique et naturelle vous apportera l\u2019harmonie entre votre corps et votre esprit. Le soin \u00e9nerg\u00e9tique permet de d\u00e9nouer les n\u0153uds, les blocages&hellip; Continue reading Accueil","og_url":"http:\/\/intuitionnathuraile.fr\/","og_site_name":"Intuition Nathur\u2019aile","article_modified_time":"2024-10-22T16:38:34+00:00","og_image":[{"url":"http:\/\/intuitionnathuraile.fr\/wp-content\/uploads\/2024\/10\/Banniere2-1024x394.png","type":"","width":"","height":""}],"twitter_card":"summary_large_image","twitter_misc":{"Est. reading time":"1 minute"},"schema":{"@context":"https:\/\/schema.org","@graph":[{"@type":"WebPage","@id":"http:\/\/intuitionnathuraile.fr\/","url":"http:\/\/intuitionnathuraile.fr\/","name":"Accueil - Intuition Nathur\u2019aile","isPartOf":{"@id":"http:\/\/intuitionnathuraile.fr\/#website"},"primaryImageOfPage":{"@id":"http:\/\/intuitionnathuraile.fr\/#primaryimage"},"image":{"@id":"http:\/\/intuitionnathuraile.fr\/#primaryimage"},"thumbnailUrl":"http:\/\/intuitionnathuraile.fr\/wp-content\/uploads\/2024\/10\/Banniere2-1024x394.png","datePublished":"2024-10-22T08:56:19+00:00","dateModified":"2024-10-22T16:38:34+00:00","breadcrumb":{"@id":"http:\/\/intuitionnathuraile.fr\/#breadcrumb"},"inLanguage":"en-US","potentialAction":[{"@type":"ReadAction","target":["http:\/\/intuitionnathuraile.fr\/"]}]},{"@type":"ImageObject","inLanguage":"en-US","@id":"http:\/\/intuitionnathuraile.fr\/#primaryimage","url":"http:\/\/intuitionnathuraile.fr\/wp-content\/uploads\/2024\/10\/Banniere2.png","contentUrl":"http:\/\/intuitionnathuraile.fr\/wp-content\/uploads\/2024\/10\/Banniere2.png","width":1300,"height":500},{"@type":"BreadcrumbList","@id":"http:\/\/intuitionnathuraile.fr\/#breadcrumb","itemListElement":[{"@type":"ListItem","position":1,"name":"Accueil","item":"http:\/\/intuitionnathuraile.fr\/"},{"@type":"ListItem","position":2,"name":"Accueil"}]},{"@type":"WebSite","@id":"http:\/\/intuitionnathuraile.fr\/#website","url":"http:\/\/intuitionnathuraile.fr\/","name":"Intuition Nathur\u2019aile","description":"Nathalie Girardclos","potentialAction":[{"@type":"SearchAction","target":{"@type":"EntryPoint","urlTemplate":"http:\/\/intuitionnathuraile.fr\/?s={search_term_string}"},"query-input":{"@type":"PropertyValueSpecification","valueRequired":true,"valueName":"search_term_string"}}],"inLanguage":"en-US"}]}},"_links":{"self":[{"href":"http:\/\/intuitionnathuraile.fr\/index.php?rest_route=\/wp\/v2\/pages\/2","targetHints":{"allow":["GET"]}}],"collection":[{"href":"http:\/\/intuitionnathuraile.fr\/index.php?rest_route=\/wp\/v2\/pages"}],"about":[{"href":"http:\/\/intuitionnathuraile.fr\/index.php?rest_route=\/wp\/v2\/types\/page"}],"author":[{"embeddable":true,"href":"http:\/\/intuitionnathuraile.fr\/index.php?rest_route=\/wp\/v2\/users\/1"}],"replies":[{"embeddable":true,"href":"http:\/\/intuitionnathuraile.fr\/index.php?rest_route=%2Fwp%2Fv2%2Fcomments&post=2"}],"version-history":[{"count":10,"href":"http:\/\/intuitionnathuraile.fr\/index.php?rest_route=\/wp\/v2\/pages\/2\/revisions"}],"predecessor-version":[{"id":79,"href":"http:\/\/intuitionnathuraile.fr\/index.php?rest_route=\/wp\/v2\/pages\/2\/revisions\/79"}],"wp:attachment":[{"href":"http:\/\/intuitionnathuraile.fr\/index.php?rest_route=%2Fwp%2Fv2%2Fmedia&parent=2"}],"curies":[{"name":"wp","href":"https:\/\/api.w.org\/{rel}","templated":true}]}}